{"id":36,"date":"2018-05-24T16:38:35","date_gmt":"2018-05-24T16:38:35","guid":{"rendered":"http:\/\/michlmaler.malerservice-michl.de\/?page_id=36"},"modified":"2020-12-05T17:15:06","modified_gmt":"2020-12-05T17:15:06","slug":"impressum","status":"publish","type":"page","link":"http:\/\/michlmaler.malerservice-michl.de\/?page_id=36","title":{"rendered":"Impressum"},"content":{"rendered":"<table border=\"0\" width=\"562\" cellpadding=\"1\" align=\"left\">\n<tbody>\n<tr>\n<td width=\"32\"><\/td>\n<td width=\"211\"><span class=\"Stil17\"><span class=\"Stil11\">Malerservice Michl<\/span><\/span><\/td>\n<td width=\"305\"><\/td>\n<\/tr>\n<tr>\n<td><\/td>\n<td><span class=\"Stil17\"><span class=\"Stil11\">Inh.: <\/span><\/span><\/td>\n<td><span class=\"Stil17\"><span class=\"Stil11\">M. Michl &amp; C. Michl GbR<br \/>\n<\/span><\/span><\/td>\n<\/tr>\n<tr>\n<td><\/td>\n<td><span class=\"Stil17\"><span class=\"Stil11\">Handwerksrolleneintrag:<\/span><\/span><\/td>\n<td><span class=\"Stil17\"><span class=\"Stil11\">folgt nach Erteilung<br \/>\n<\/span><\/span><\/td>\n<\/tr>\n<tr>\n<td><\/td>\n<td><span class=\"Stil17\"><span class=\"Stil11\">Betriebsnr.:<\/span><\/span><\/td>\n<td><span class=\"Stil17\"><span class=\"Stil11\">84589729<\/span><\/span><\/td>\n<\/tr>\n<tr>\n<td><\/td>\n<td><span class=\"Stil17\"><span class=\"Stil11\">St-Nr.:<\/span><\/span><\/td>\n<td><span class=\"Stil17\"><span class=\"Stil11\">244\/168\/04407<\/span><\/span><\/td>\n<\/tr>\n<tr>\n<td><\/td>\n<td>Ust-ID:<\/td>\n<td>DE334649015<\/td>\n<\/tr>\n<tr>\n<td><\/td>\n<td><span class=\"Stil17\"><span class=\"Stil11\">Firmensitz:<\/span><\/span><\/td>\n<td><span class=\"Stil17\"><span class=\"Stil11\">Auweg 1<br \/>\n<\/span><\/span><\/td>\n<\/tr>\n<tr>\n<td><\/td>\n<td><\/td>\n<td><span class=\"Stil17\"><span class=\"Stil11\">93055 Regensburg<\/span><\/span><\/td>\n<\/tr>\n<tr>\n<td><\/td>\n<td><span class=\"Stil17\"><span class=\"Stil11\">Tel: <\/span><\/span><\/td>\n<td><span class=\"Stil17\"><span class=\"Stil11\">0941\/43628<\/span><\/span><\/td>\n<\/tr>\n<tr>\n<td><\/td>\n<td><\/td>\n<td><\/td>\n<\/tr>\n<tr>\n<td><\/td>\n<td><span class=\"Stil17\"><span class=\"Stil11\">Werkstatt: <\/span><\/span><\/td>\n<td><span class=\"Stil17\"><span class=\"Stil11\">Auweg 1<\/span><\/span><\/td>\n<\/tr>\n<tr>\n<td><\/td>\n<td><\/td>\n<td><span class=\"Stil17\"><span class=\"Stil11\">93055 Regensburg<\/span><\/span><\/td>\n<\/tr>\n<tr>\n<td><\/td>\n<td><span class=\"Stil17\"><span class=\"Stil11\">Tel.:<\/span><\/span><\/td>\n<td><span class=\"Stil17\"><span class=\"Stil11\">0941\/ 43628 <\/span><\/span><\/td>\n<\/tr>\n<tr>\n<td><\/td>\n<td><span class=\"Stil17\"><span class=\"Stil11\">Mobil:<\/span><\/span><\/td>\n<td><span class=\"Stil17\"><span class=\"Stil11\">0171\/8752864<br \/>\n<\/span><\/span><\/td>\n<\/tr>\n<tr>\n<td><\/td>\n<td><span class=\"Stil17\"><span class=\"Stil11\">Fax:<\/span><\/span><\/td>\n<td><span class=\"Stil17\"><span class=\"Stil11\">0941\/ 447243 <\/span><\/span><\/td>\n<\/tr>\n<tr>\n<td><\/td>\n<td><\/td>\n<td><\/td>\n<\/tr>\n<tr>\n<td><\/td>\n<td class=\"Stil11 Stil16\">Verantwortlich f\u00fcr den Inhalt:<\/td>\n<td class=\"Stil17\">Malerservice Michl GbR<\/td>\n<\/tr>\n<tr>\n<td><\/td>\n<td><span class=\"Stil17\"><span class=\"Stil11\">Design: <\/span><\/span><\/td>\n<td><span class=\"Stil17\"><span class=\"Stil11\"><a href=\"mailto:vib@bago.de\">rdl<\/a><\/span><\/span><\/td>\n<\/tr>\n<\/tbody>\n<\/table>\n<p>&nbsp;<\/p>\n<p><strong>Haftungsauschluss<br \/>\n<\/strong>Die Inhalte dieser Website wurden sorgf\u00e4ltig gepr\u00fcft und nach bestem Wissen erstellt. Der Autor \u00fcbernimmt jedoch keinerlei Gew\u00e4hr f\u00fcr die Aktualit\u00e4t, Korrektheit, Vollst\u00e4ndigkeit oder Qualit\u00e4t der bereitgestellten Informationen. Haftungsanspr\u00fcche gegen den Autor, die sich auf Sch\u00e4den materieller oder ideeller Art beziehen, welche durch die Nutzung oder Nichtnutzung der dargebotenen Informationen bzw. durch die Nutzung fehlerhafter und unvollst\u00e4ndiger Informationen verursacht wurden, sind grunds\u00e4tzlich ausgeschlossen, sofern seitens des Autors kein nachweislich vors\u00e4tzliches oder grob fahrl\u00e4ssiges Verschulden vorliegt. Alle Angebote sind freibleibend und unverbindlich. Der Autor beh\u00e4lt es sich ausdr\u00fccklich vor, Teile der Seiten oder das gesamte Angebot ohne gesonderte Ank\u00fcndigung zu ver\u00e4ndern, zu erg\u00e4nzen, zu l\u00f6schen oder die Ver\u00f6ffentlichung zeitweise oder endg\u00fcltig einzustellen.<br \/>\nMit Urteil vom 12.05.1998 \u2013 312 O 85\/98 \u2013 \u201eHaftung f\u00fcr Links\u201c hat das Landgericht (LG) Hamburg entschieden, dass man durch Anbringung eines Links die Inhalte der gelinkten Seite ggf. mit zu verantworten hat. Dies kann nur dadurch verhindert werden, indem man sich ausdr\u00fccklich von diesen Inhalten distanziert. Hiermit distanziere ich mich ausdr\u00fccklich von allen Inhalten aller gelinkten Seiten auf meiner Website. F\u00fcr den Inhalt der verlinkten Seiten sind ausschlie\u00dflich deren Betreiber verantwortlich.<br \/>\nIch weise darauf hin, dass sich diese Homepage und s\u00e4mtliche Informationen auf dieser Homepage nach deutschem Recht richten. Jeder Benutzer, der \u00fcber diesen Haftungsausschluss hinweggeht, um auf die einzelnen Seiten Zugriff zu nehmen, erkennt mit dem Weiterbl\u00e4ttern der Seite an, dass sich die Beziehung zwischen ihm und mir ausschlie\u00dflich nach deutschem Recht richtet.<br \/>\nDieser Haftungsausschluss ist Teil des Internetangebots. Sofern Teile oder einzelne Formulierungen dieses Textes der geltenden Rechtslage nicht, nicht mehr oder nicht vollst\u00e4ndig entsprechen sollten, bleiben die \u00fcbrigen Teile des Dokuments in ihrem Inhalt und ihrer G\u00fcltigkeit davon unber\u00fchrt.<\/p>\n<p><strong>Abmahnungsversuche<br \/>\n<\/strong>Sollte der Inhalt oder die Aufmachung dieser Seiten fremde Rechte Dritter oder gesetzliche Bestimmungen verletzen, bitte ich um eine entsprechende Nachricht ohne Kostennote. Ich garantiere, die zu Recht beanstandeten Passagen unverz\u00fcglich zu entfernen, ohne dass von Ihrer Seite die Einschaltung eines Rechtsbeistandes erforderlich ist. Dennoch von Ihnen ohne vorherige Kontaktaufnahme ausgel\u00f6ste Kosten werde ich wegen Verletzung vorgenannter Bestimmungen komplett zur\u00fcckweisen und gegebenenfalls Gegenklage wegen Verletzung vorgenannter Bestimmungen einreichen.<\/p>\n<p>&nbsp;<\/p>\n","protected":false},"excerpt":{"rendered":"<p>Malerservice Michl Inh.: M. Michl &amp; C. Michl GbR Handwerksrolleneintrag: folgt nach Erteilung Betriebsnr.: 84589729 St-Nr.: 244\/168\/04407 Ust-ID: DE334649015 Firmensitz: Auweg 1 93055 Regensburg Tel: 0941\/43628 Werkstatt: Auweg 1 93055 Regensburg Tel.: 0941\/ 43628 Mobil: 0171\/8752864 Fax: 0941\/ 447243 Verantwortlich f\u00fcr den Inhalt: Malerservice Michl GbR Design: rdl &nbsp; Haftungsauschluss Die Inhalte dieser Website wurden <a class=\"read-more\" href=\"http:\/\/michlmaler.malerservice-michl.de\/?page_id=36\">Read More<\/a><\/p>\n","protected":false},"author":1,"featured_media":0,"parent":0,"menu_order":0,"comment_status":"closed","ping_status":"closed","template":"","meta":[],"_links":{"self":[{"href":"http:\/\/michlmaler.malerservice-michl.de\/index.php?rest_route=\/wp\/v2\/pages\/36"}],"collection":[{"href":"http:\/\/michlmaler.malerservice-michl.de\/index.php?rest_route=\/wp\/v2\/pages"}],"about":[{"href":"http:\/\/michlmaler.malerservice-michl.de\/index.php?rest_route=\/wp\/v2\/types\/page"}],"author":[{"embeddable":true,"href":"http:\/\/michlmaler.malerservice-michl.de\/index.php?rest_route=\/wp\/v2\/users\/1"}],"replies":[{"embeddable":true,"href":"http:\/\/michlmaler.malerservice-michl.de\/index.php?rest_route=%2Fwp%2Fv2%2Fcomments&post=36"}],"version-history":[{"count":9,"href":"http:\/\/michlmaler.malerservice-michl.de\/index.php?rest_route=\/wp\/v2\/pages\/36\/revisions"}],"predecessor-version":[{"id":101,"href":"http:\/\/michlmaler.malerservice-michl.de\/index.php?rest_route=\/wp\/v2\/pages\/36\/revisions\/101"}],"wp:attachment":[{"href":"http:\/\/michlmaler.malerservice-michl.de\/index.php?rest_route=%2Fwp%2Fv2%2Fmedia&parent=36"}],"curies":[{"name":"wp","href":"https:\/\/api.w.org\/{rel}","templated":true}]}}