{"id":2,"date":"2016-05-10T03:48:21","date_gmt":"2016-05-10T03:48:21","guid":{"rendered":"http:\/\/michlmaler.malerservice-michl.de\/?page_id=2"},"modified":"2019-05-24T03:55:11","modified_gmt":"2019-05-24T03:55:11","slug":"sample-page","status":"publish","type":"page","link":"http:\/\/michlmaler.malerservice-michl.de\/?page_id=2","title":{"rendered":"Service"},"content":{"rendered":"<table width=\"591\" cellspacing=\"3\" cellpadding=\"1\" align=\"left\">\n<tbody>\n<tr>\n<td width=\"27\"><img decoding=\"async\" loading=\"lazy\" class=\"alignnone size-full wp-image-79\" src=\"http:\/\/michlmaler.malerservice-michl.de\/wp-content\/uploads\/2018\/05\/ok_kl.gif\" alt=\"\" width=\"19\" height=\"19\" \/><\/td>\n<td width=\"549\">\n<div align=\"left\"><span class=\"Stil7\">Freier Sachverst\u00e4ndiger e. V. BVFS <\/span><\/div>\n<\/td>\n<\/tr>\n<tr>\n<td><img decoding=\"async\" loading=\"lazy\" class=\"alignnone size-full wp-image-79\" src=\"http:\/\/michlmaler.malerservice-michl.de\/wp-content\/uploads\/2018\/05\/ok_kl.gif\" alt=\"\" width=\"19\" height=\"19\" \/><\/td>\n<td>\n<div align=\"left\"><span class=\"Stil7\">Bausanierung<\/span><\/div>\n<\/td>\n<\/tr>\n<tr>\n<td><img decoding=\"async\" loading=\"lazy\" class=\"alignnone size-full wp-image-79\" src=\"http:\/\/michlmaler.malerservice-michl.de\/wp-content\/uploads\/2018\/05\/ok_kl.gif\" alt=\"\" width=\"19\" height=\"19\" \/><\/td>\n<td>\n<div align=\"left\"><span class=\"Stil7\">Wohnungssanierung<\/span><\/div>\n<\/td>\n<\/tr>\n<tr>\n<td><img decoding=\"async\" loading=\"lazy\" class=\"alignnone size-full wp-image-79\" src=\"http:\/\/michlmaler.malerservice-michl.de\/wp-content\/uploads\/2018\/05\/ok_kl.gif\" alt=\"\" width=\"19\" height=\"19\" \/><\/td>\n<td>\n<div align=\"left\"><span class=\"Stil7\">Anstriche<\/span><\/div>\n<\/td>\n<\/tr>\n<tr>\n<td><img decoding=\"async\" loading=\"lazy\" class=\"alignnone size-full wp-image-79\" src=\"http:\/\/michlmaler.malerservice-michl.de\/wp-content\/uploads\/2018\/05\/ok_kl.gif\" alt=\"\" width=\"19\" height=\"19\" \/><\/td>\n<td>\n<div align=\"left\"><span class=\"Stil7\">Fassadengestaltung<\/span><\/div>\n<\/td>\n<\/tr>\n<tr>\n<td><img decoding=\"async\" loading=\"lazy\" class=\"alignnone size-full wp-image-79\" src=\"http:\/\/michlmaler.malerservice-michl.de\/wp-content\/uploads\/2018\/05\/ok_kl.gif\" alt=\"\" width=\"19\" height=\"19\" \/><\/td>\n<td>\n<div align=\"left\"><span class=\"Stil7\">Treppenh\u00e4userkunststoffputze<\/span><\/div>\n<\/td>\n<\/tr>\n<tr>\n<td><img decoding=\"async\" loading=\"lazy\" class=\"alignnone size-full wp-image-79\" src=\"http:\/\/michlmaler.malerservice-michl.de\/wp-content\/uploads\/2018\/05\/ok_kl.gif\" alt=\"\" width=\"19\" height=\"19\" \/><\/td>\n<td>\n<div align=\"left\"><span class=\"Stil7\">Betonsanierung<\/span><\/div>\n<\/td>\n<\/tr>\n<tr>\n<td><img decoding=\"async\" loading=\"lazy\" class=\"alignnone size-full wp-image-79\" src=\"http:\/\/michlmaler.malerservice-michl.de\/wp-content\/uploads\/2018\/05\/ok_kl.gif\" alt=\"\" width=\"19\" height=\"19\" \/><\/td>\n<td>\n<div align=\"left\"><span class=\"Stil7\">Vollw\u00e4rmeschutz<\/span><\/div>\n<\/td>\n<\/tr>\n<tr>\n<td><img decoding=\"async\" loading=\"lazy\" class=\"alignnone size-full wp-image-79\" src=\"http:\/\/michlmaler.malerservice-michl.de\/wp-content\/uploads\/2018\/05\/ok_kl.gif\" alt=\"\" width=\"19\" height=\"19\" \/><\/td>\n<td>\n<div align=\"left\"><span class=\"Stil7\">Rostschutz<\/span><\/div>\n<\/td>\n<\/tr>\n<tr>\n<td><img decoding=\"async\" loading=\"lazy\" class=\"alignnone size-full wp-image-79\" src=\"http:\/\/michlmaler.malerservice-michl.de\/wp-content\/uploads\/2018\/05\/ok_kl.gif\" alt=\"\" width=\"19\" height=\"19\" \/><\/td>\n<td>\n<div align=\"left\"><span class=\"Stil7\">Lackierarbeiten<\/span><\/div>\n<\/td>\n<\/tr>\n<tr>\n<td><img decoding=\"async\" loading=\"lazy\" class=\"alignnone size-full wp-image-79\" src=\"http:\/\/michlmaler.malerservice-michl.de\/wp-content\/uploads\/2018\/05\/ok_kl.gif\" alt=\"\" width=\"19\" height=\"19\" \/><\/td>\n<td>\n<div align=\"left\"><span class=\"Stil7\">eigener Ger\u00fcstbau <\/span><\/div>\n<\/td>\n<\/tr>\n<tr>\n<td><img decoding=\"async\" loading=\"lazy\" class=\"alignnone size-full wp-image-79\" src=\"http:\/\/michlmaler.malerservice-michl.de\/wp-content\/uploads\/2018\/05\/ok_kl.gif\" alt=\"\" width=\"19\" height=\"19\" \/><\/td>\n<td>\n<div align=\"left\"><span class=\"Stil7\">eigene Maurer- und Verputzabteilung <\/span><\/div>\n<\/td>\n<\/tr>\n<tr>\n<td><img decoding=\"async\" loading=\"lazy\" class=\"alignnone size-full wp-image-79\" src=\"http:\/\/michlmaler.malerservice-michl.de\/wp-content\/uploads\/2018\/05\/ok_kl.gif\" alt=\"\" width=\"19\" height=\"19\" \/><\/td>\n<td>\n<div align=\"left\"><span class=\"Stil7\">Instandsetzung nach Brand- und Wasserschaden <\/span><\/div>\n<\/td>\n<\/tr>\n<tr>\n<td><img decoding=\"async\" loading=\"lazy\" class=\"alignnone size-full wp-image-79\" src=\"http:\/\/michlmaler.malerservice-michl.de\/wp-content\/uploads\/2018\/05\/ok_kl.gif\" alt=\"\" width=\"19\" height=\"19\" \/><\/td>\n<td>\n<div align=\"left\"><span class=\"Stil7\">Renovierung und Instandsetzung von:<\/span><\/div>\n<\/td>\n<\/tr>\n<tr>\n<td><img decoding=\"async\" loading=\"lazy\" class=\"alignnone size-full wp-image-79\" src=\"http:\/\/michlmaler.malerservice-michl.de\/wp-content\/uploads\/2018\/05\/ok_kl.gif\" alt=\"\" width=\"19\" height=\"19\" \/><\/td>\n<td>\n<div align=\"left\"><span class=\"Stil7\">Wohnungen<\/span><\/div>\n<\/td>\n<\/tr>\n<tr>\n<td><img decoding=\"async\" loading=\"lazy\" class=\"alignnone size-full wp-image-79\" src=\"http:\/\/michlmaler.malerservice-michl.de\/wp-content\/uploads\/2018\/05\/ok_kl.gif\" alt=\"\" width=\"19\" height=\"19\" \/><\/td>\n<td>\n<div align=\"left\"><span class=\"Stil7\">Treppenh\u00e4user<\/span><\/div>\n<\/td>\n<\/tr>\n<tr>\n<td><img decoding=\"async\" loading=\"lazy\" class=\"alignnone size-full wp-image-79\" src=\"http:\/\/michlmaler.malerservice-michl.de\/wp-content\/uploads\/2018\/05\/ok_kl.gif\" alt=\"\" width=\"19\" height=\"19\" \/><\/td>\n<td>\n<div align=\"left\"><span class=\"Stil7\">Gesch\u00e4ftsr\u00e4ume, usw.<\/span><\/div>\n<\/td>\n<\/tr>\n<tr>\n<td><img decoding=\"async\" loading=\"lazy\" class=\"alignnone size-full wp-image-79\" src=\"http:\/\/michlmaler.malerservice-michl.de\/wp-content\/uploads\/2018\/05\/ok_kl.gif\" alt=\"\" width=\"19\" height=\"19\" \/><\/td>\n<td>\n<div align=\"left\"><span class=\"Stil7\">Farben + Tapeten <\/span><\/div>\n<\/td>\n<\/tr>\n<tr>\n<td><img decoding=\"async\" loading=\"lazy\" class=\"alignnone size-full wp-image-79\" src=\"http:\/\/michlmaler.malerservice-michl.de\/wp-content\/uploads\/2018\/05\/ok_kl.gif\" alt=\"\" width=\"19\" height=\"19\" \/><\/td>\n<td>\n<div align=\"left\"><span class=\"Stil7\">Putze + Lacke<\/span><\/div>\n<\/td>\n<\/tr>\n<tr>\n<td><img decoding=\"async\" loading=\"lazy\" class=\"alignnone size-full wp-image-79\" src=\"http:\/\/michlmaler.malerservice-michl.de\/wp-content\/uploads\/2018\/05\/ok_kl.gif\" alt=\"\" width=\"19\" height=\"19\" \/><\/td>\n<td>\n<div align=\"left\"><span class=\"Stil7\">Versiegelung von Betonboden, Sichtbeton und Waschbetonplatten <\/span><\/div>\n<\/td>\n<\/tr>\n<tr>\n<td><\/td>\n<td>\n<div align=\"left\"><span class=\"Stil7\">\u00a0<\/span><\/div>\n<\/td>\n<\/tr>\n<\/tbody>\n<\/table>\n","protected":false},"excerpt":{"rendered":"<p>Freier Sachverst\u00e4ndiger e. V. BVFS Bausanierung Wohnungssanierung Anstriche Fassadengestaltung Treppenh\u00e4userkunststoffputze Betonsanierung Vollw\u00e4rmeschutz Rostschutz Lackierarbeiten eigener Ger\u00fcstbau eigene Maurer- und Verputzabteilung Instandsetzung nach Brand- und Wasserschaden Renovierung und Instandsetzung von: Wohnungen Treppenh\u00e4user Gesch\u00e4ftsr\u00e4ume, usw. Farben + Tapeten Putze + Lacke Versiegelung von Betonboden, Sichtbeton und Waschbetonplatten \u00a0<\/p>\n","protected":false},"author":1,"featured_media":0,"parent":0,"menu_order":0,"comment_status":"closed","ping_status":"open","template":"","meta":[],"_links":{"self":[{"href":"http:\/\/michlmaler.malerservice-michl.de\/index.php?rest_route=\/wp\/v2\/pages\/2"}],"collection":[{"href":"http:\/\/michlmaler.malerservice-michl.de\/index.php?rest_route=\/wp\/v2\/pages"}],"about":[{"href":"http:\/\/michlmaler.malerservice-michl.de\/index.php?rest_route=\/wp\/v2\/types\/page"}],"author":[{"embeddable":true,"href":"http:\/\/michlmaler.malerservice-michl.de\/index.php?rest_route=\/wp\/v2\/users\/1"}],"replies":[{"embeddable":true,"href":"http:\/\/michlmaler.malerservice-michl.de\/index.php?rest_route=%2Fwp%2Fv2%2Fcomments&post=2"}],"version-history":[{"count":4,"href":"http:\/\/michlmaler.malerservice-michl.de\/index.php?rest_route=\/wp\/v2\/pages\/2\/revisions"}],"predecessor-version":[{"id":91,"href":"http:\/\/michlmaler.malerservice-michl.de\/index.php?rest_route=\/wp\/v2\/pages\/2\/revisions\/91"}],"wp:attachment":[{"href":"http:\/\/michlmaler.malerservice-michl.de\/index.php?rest_route=%2Fwp%2Fv2%2Fmedia&parent=2"}],"curies":[{"name":"wp","href":"https:\/\/api.w.org\/{rel}","templated":true}]}}